{"id":2,"date":"2025-02-08T14:37:13","date_gmt":"2025-02-08T17:37:13","guid":{"rendered":"http:\/\/globaleducacaotec.com.br\/?page_id=2"},"modified":"2025-02-21T14:23:25","modified_gmt":"2025-02-21T17:23:25","slug":"pagina-exemplo","status":"publish","type":"page","link":"https:\/\/globaleducacaotec.com.br\/?page_id=2","title":{"rendered":"Quem Somos"},"content":{"rendered":"\n<blockquote class=\"wp-block-quote is-layout-flow wp-block-quote-is-layout-flow\">\n<p>A Global Importa\u00e7\u00e3o e Exporta\u00e7\u00e3o \u00e9 uma empresa com anos de experi\u00eancia no mercado, dedicada a auxiliar empresas de todos os portes a expandir seus neg\u00f3cios para o mercado internacional. Contamos com uma equipe altamente qualificada e especializada em log\u00edstica, documenta\u00e7\u00e3o e processos aduaneiros.<\/p>\n\n\n\n<p>Com profundo conhecimento das leis e regulamentos internacionais, oferecemos solu\u00e7\u00f5es personalizadas e eficientes, garantindo seguran\u00e7a e tranquilidade para seus neg\u00f3cios.<\/p>\n<\/blockquote>\n\n\n\n<p>A Global Importa\u00e7\u00e3o e Exporta\u00e7\u00e3o oferece uma gama completa de servi\u00e7os para atender \u00e0s necessidades espec\u00edficas de cada cliente.<\/p>\n\n\n\n<p>Garantimos o transporte seguro e eficiente de suas mercadorias, por via mar\u00edtima, a\u00e9rea ou terrestre.<\/p>\n","protected":false},"excerpt":{"rendered":"<p>A Global Importa\u00e7\u00e3o e Exporta\u00e7\u00e3o \u00e9 uma empresa com anos de experi\u00eancia no mercado, dedicada a auxiliar empresas de todos os portes a expandir seus neg\u00f3cios para o mercado internacional. Contamos com uma equipe altamente qualificada e especializada em log\u00edstica, documenta\u00e7\u00e3o e processos aduaneiros. Com profundo conhecimento das leis e regulamentos internacionais, oferecemos solu\u00e7\u00f5es personalizadas&#8230;<\/p>\n","protected":false},"author":1,"featured_media":11,"parent":0,"menu_order":0,"comment_status":"closed","ping_status":"open","template":"","meta":{"footnotes":""},"class_list":["post-2","page","type-page","status-publish","has-post-thumbnail","hentry"],"aioseo_notices":[],"jetpack_sharing_enabled":true,"_links":{"self":[{"href":"https:\/\/globaleducacaotec.com.br\/index.php?rest_route=\/wp\/v2\/pages\/2","targetHints":{"allow":["GET"]}}],"collection":[{"href":"https:\/\/globaleducacaotec.com.br\/index.php?rest_route=\/wp\/v2\/pages"}],"about":[{"href":"https:\/\/globaleducacaotec.com.br\/index.php?rest_route=\/wp\/v2\/types\/page"}],"author":[{"embeddable":true,"href":"https:\/\/globaleducacaotec.com.br\/index.php?rest_route=\/wp\/v2\/users\/1"}],"replies":[{"embeddable":true,"href":"https:\/\/globaleducacaotec.com.br\/index.php?rest_route=%2Fwp%2Fv2%2Fcomments&post=2"}],"version-history":[{"count":1,"href":"https:\/\/globaleducacaotec.com.br\/index.php?rest_route=\/wp\/v2\/pages\/2\/revisions"}],"predecessor-version":[{"id":53,"href":"https:\/\/globaleducacaotec.com.br\/index.php?rest_route=\/wp\/v2\/pages\/2\/revisions\/53"}],"wp:featuredmedia":[{"embeddable":true,"href":"https:\/\/globaleducacaotec.com.br\/index.php?rest_route=\/wp\/v2\/media\/11"}],"wp:attachment":[{"href":"https:\/\/globaleducacaotec.com.br\/index.php?rest_route=%2Fwp%2Fv2%2Fmedia&parent=2"}],"curies":[{"name":"wp","href":"https:\/\/api.w.org\/{rel}","templated":true}]}}